{"id":293,"date":"2023-03-22T14:29:00","date_gmt":"2023-03-22T14:29:00","guid":{"rendered":"http:\/\/setdesign.nl\/?page_id=293"},"modified":"2023-05-10T09:12:52","modified_gmt":"2023-05-10T09:12:52","slug":"services","status":"publish","type":"page","link":"https:\/\/setdesign.nl\/index.php\/services\/","title":{"rendered":"SERVICES"},"content":{"rendered":"<p>[et_pb_section fb_built=&#8221;1&#8243; _builder_version=&#8221;4.20.2&#8243; _module_preset=&#8221;default&#8221; da_disable_devices=&#8221;off|off|off&#8221; global_colors_info=&#8221;{}&#8221; da_is_popup=&#8221;off&#8221; da_exit_intent=&#8221;off&#8221; da_has_close=&#8221;on&#8221; da_alt_close=&#8221;off&#8221; da_dark_close=&#8221;off&#8221; da_not_modal=&#8221;on&#8221; da_is_singular=&#8221;off&#8221; da_with_loader=&#8221;off&#8221; da_has_shadow=&#8221;on&#8221;][et_pb_row column_structure=&#8221;1_3,1_3,1_3&#8243; use_custom_gutter=&#8221;on&#8221; _builder_version=&#8221;4.20.2&#8243; _module_preset=&#8221;default&#8221; custom_padding=&#8221;40px||100px|||&#8221; global_colors_info=&#8221;{}&#8221;][et_pb_column type=&#8221;1_3&#8243; _builder_version=&#8221;4.20.2&#8243; _module_preset=&#8221;default&#8221; global_colors_info=&#8221;{}&#8221;][et_pb_text _builder_version=&#8221;4.20.2&#8243; _module_preset=&#8221;default&#8221; background_color=&#8221;#232323&#8243; background_layout=&#8221;dark&#8221; min_height=&#8221;430px&#8221; max_height=&#8221;450px&#8221; custom_padding=&#8221;15px|15px|15px|15px|false|false&#8221; global_colors_info=&#8221;{}&#8221;]<\/p>\n<h3>ONTWERP<\/h3>\n<p>&nbsp;<\/p>\n<p>Wat is een goed ontwerp? Voor ons is dat een ruimte z\u00f3 is vormgeven dat j\u00edj er blij van wordt!<\/p>\n<p>[\/et_pb_text][et_pb_button button_url=&#8221;#ONTWERP&#8221; button_text=&#8221;LEES MEER&#8221; _builder_version=&#8221;4.21.0&#8243; _module_preset=&#8221;default&#8221; custom_button=&#8221;on&#8221; button_text_size=&#8221;14px&#8221; button_font=&#8221;|700|||||||&#8221; button_icon=&#8221;&#x24;||divi||400&#8243; button_on_hover=&#8221;off&#8221; transform_scale_linked=&#8221;off&#8221; transform_translate=&#8221;8px|-80px&#8221; transform_translate_linked=&#8221;off&#8221; hover_enabled=&#8221;0&#8243; global_colors_info=&#8221;{}&#8221; sticky_enabled=&#8221;0&#8243;][\/et_pb_button][\/et_pb_column][et_pb_column type=&#8221;1_3&#8243; _builder_version=&#8221;4.20.2&#8243; _module_preset=&#8221;default&#8221; global_colors_info=&#8221;{}&#8221;][et_pb_text _builder_version=&#8221;4.20.2&#8243; _module_preset=&#8221;default&#8221; background_color=&#8221;#232323&#8243; background_layout=&#8221;dark&#8221; min_height=&#8221;430px&#8221; max_height=&#8221;450px&#8221; custom_padding=&#8221;15px|15px|15px|15px|false|false&#8221; global_colors_info=&#8221;{}&#8221;]<\/p>\n<h3>Visuals<\/h3>\n<p>&nbsp;<\/p>\n<p>W\u00edj hebben dat ontwerp wel in ons hoofd, hoe het gaat worden, maar voor jou kan dat best anders zijn! Daarom zijn visuals zo ontzettend fijn, namelijk de vertaalslag tussen ontwerper en opdrachtgever.<\/p>\n<p>[\/et_pb_text][et_pb_button button_url=&#8221;#VISUALS&#8221; button_text=&#8221;LEES MEER&#8221; _builder_version=&#8221;4.20.2&#8243; _module_preset=&#8221;default&#8221; custom_button=&#8221;on&#8221; button_text_size=&#8221;14px&#8221; button_font=&#8221;|700|||||||&#8221; button_icon=&#8221;&#x24;||divi||400&#8243; button_on_hover=&#8221;off&#8221; transform_scale_linked=&#8221;off&#8221; transform_translate=&#8221;8px|-80px&#8221; transform_translate_linked=&#8221;off&#8221; global_colors_info=&#8221;{}&#8221;][\/et_pb_button][\/et_pb_column][et_pb_column type=&#8221;1_3&#8243; _builder_version=&#8221;4.20.2&#8243; _module_preset=&#8221;default&#8221; global_colors_info=&#8221;{}&#8221;][et_pb_text _builder_version=&#8221;4.21.0&#8243; _module_preset=&#8221;default&#8221; background_color=&#8221;#232323&#8243; background_layout=&#8221;dark&#8221; min_height=&#8221;430px&#8221; max_height=&#8221;450px&#8221; custom_padding=&#8221;15px|15px|15px|15px|false|false&#8221; hover_enabled=&#8221;0&#8243; global_colors_info=&#8221;{}&#8221; sticky_enabled=&#8221;0&#8243;]<\/p>\n<h3>BOUWMANAGEMENT<\/h3>\n<p>&nbsp;<\/p>\n<p>Als je planning klopt en je bouwproces soepel loopt, w\u00e1t een genot voor je rust \u00e9n je portemonnee!<\/p>\n<p>[\/et_pb_text][et_pb_button button_url=&#8221;#BOUWMANAGEMENT&#8221; button_text=&#8221;LEES MEER&#8221; _builder_version=&#8221;4.20.2&#8243; _module_preset=&#8221;default&#8221; custom_button=&#8221;on&#8221; button_text_size=&#8221;14px&#8221; button_font=&#8221;|700|||||||&#8221; button_icon=&#8221;&#x24;||divi||400&#8243; button_on_hover=&#8221;off&#8221; transform_scale_linked=&#8221;off&#8221; transform_translate=&#8221;8px|-80px&#8221; transform_translate_linked=&#8221;off&#8221; hover_enabled=&#8221;0&#8243; global_colors_info=&#8221;{}&#8221; sticky_enabled=&#8221;0&#8243;][\/et_pb_button][\/et_pb_column][\/et_pb_row][et_pb_row _builder_version=&#8221;4.20.2&#8243; _module_preset=&#8221;default&#8221; global_colors_info=&#8221;{}&#8221;][et_pb_column type=&#8221;4_4&#8243; _builder_version=&#8221;4.20.2&#8243; _module_preset=&#8221;default&#8221; global_colors_info=&#8221;{}&#8221;][et_pb_social_media_follow icon_color=&#8221;#FFFFFF&#8221; use_icon_font_size=&#8221;on&#8221; icon_font_size=&#8221;20px&#8221; _builder_version=&#8221;4.20.2&#8243; _module_preset=&#8221;default&#8221; background_color=&#8221;RGBA(255,255,255,0)&#8221; text_orientation=&#8221;center&#8221; custom_margin=&#8221;||||false|false&#8221; custom_padding=&#8221;||||false|false&#8221; global_colors_info=&#8221;{}&#8221;][et_pb_social_media_follow_network social_network=&#8221;pinterest&#8221; url=&#8221;https:\/\/nl.pinterest.com\/karinroest\/&#8221; _builder_version=&#8221;4.20.2&#8243; _module_preset=&#8221;default&#8221; background_color=&#8221;#232323&#8243; background_enable_color=&#8221;on&#8221; custom_margin=&#8221;|10px|||false|false&#8221; custom_padding=&#8221;20px|20px|20px|20px|false|false&#8221; border_radii=&#8221;on|0px|0px|0px|0px&#8221; global_colors_info=&#8221;{}&#8221; follow_button=&#8221;off&#8221; url_new_window=&#8221;on&#8221;]pinterest[\/et_pb_social_media_follow_network][et_pb_social_media_follow_network social_network=&#8221;instagram&#8221; url=&#8221;https:\/\/www.instagram.com\/set__design\/&#8221; _builder_version=&#8221;4.20.2&#8243; _module_preset=&#8221;default&#8221; background_color=&#8221;#232323&#8243; background_enable_color=&#8221;on&#8221; custom_padding=&#8221;20px|20px|20px|20px|false|false&#8221; border_radii=&#8221;on|0px|0px|0px|0px&#8221; global_colors_info=&#8221;{}&#8221; follow_button=&#8221;off&#8221; url_new_window=&#8221;on&#8221;]instagram[\/et_pb_social_media_follow_network][et_pb_social_media_follow_network social_network=&#8221;linkedin&#8221; url=&#8221;https:\/\/www.linkedin.com\/in\/cor-lokker-6aa7558\/&#8221; icon_color=&#8221;#FFFFFF&#8221; _builder_version=&#8221;4.20.2&#8243; _module_preset=&#8221;default&#8221; background_color=&#8221;#232323&#8243; background_enable_color=&#8221;on&#8221; custom_margin=&#8221;|||10px|false|false&#8221; custom_padding=&#8221;20px|20px|20px|20px|false|false&#8221; border_radii=&#8221;on|0px|0px|0px|0px&#8221; global_colors_info=&#8221;{}&#8221; follow_button=&#8221;off&#8221; url_new_window=&#8221;on&#8221;]linkedin[\/et_pb_social_media_follow_network][\/et_pb_social_media_follow][\/et_pb_column][\/et_pb_row][\/et_pb_section][et_pb_section fb_built=&#8221;1&#8243; admin_label=&#8221;Popup &#8211; #ONTWERP&#8221; module_id=&#8221;ONTWERP&#8221; module_class=&#8221;popup single&#8221; _builder_version=&#8221;4.20.2&#8243; _module_preset=&#8221;default&#8221; width=&#8221;60%&#8221; da_is_popup=&#8221;on&#8221; da_popup_slug=&#8221;ONTWERP&#8221; da_is_singular=&#8221;on&#8221; da_disable_devices=&#8221;off|off|off&#8221; global_colors_info=&#8221;{}&#8221; da_exit_intent=&#8221;off&#8221; da_has_close=&#8221;on&#8221; da_alt_close=&#8221;off&#8221; da_dark_close=&#8221;off&#8221; da_not_modal=&#8221;on&#8221; da_with_loader=&#8221;off&#8221; da_has_shadow=&#8221;on&#8221;][et_pb_row _builder_version=&#8221;4.20.2&#8243; _module_preset=&#8221;default&#8221; global_colors_info=&#8221;{}&#8221;][et_pb_column type=&#8221;4_4&#8243; _builder_version=&#8221;4.20.2&#8243; _module_preset=&#8221;default&#8221; global_colors_info=&#8221;{}&#8221;][et_pb_text _builder_version=&#8221;4.21.0&#8243; _module_preset=&#8221;default&#8221; hover_enabled=&#8221;0&#8243; global_colors_info=&#8221;{}&#8221; sticky_enabled=&#8221;0&#8243;]<\/p>\n<h2>ONTWERP<\/h2>\n<p>Een goed ontwerp begint met luisteren. Wat wil je? Hoe ga je de ruimte gebruiken? Wil je iets tijdloos of juist hip en trendy? Een goed ontwerp zit logisch in elkaar, ja dat klinkt.. eh.. logisch, maar de kracht is dat wij met een andere blik naar jouw huis kijken. &#8216;Nou dat zou ik \u00e9cht niet bedacht hebben!&#8217;, horen we vaak genoeg en dat zegt eigenlijk genoeg. Plattegronden, werk- en detailtekeningen, we maken het allemaal.<\/p>\n<p>Met alles wat we ontwerpen willen we ook graag\u00a0een bijdrage leveren aan een gezond milieu en onze voetafdruk zo klein mogelijk houden. Het principe van Cradle to Cradle is dan ook waar we zoveel mogelijk naar toewerken. Hergebruik van grondstoffen door fabrikanten en zoveel mogelijk met eerlijke materialen werken. Kortom, rekening houden met de toekomst van de volgende generatie.<\/p>\n<p>[\/et_pb_text][\/et_pb_column][\/et_pb_row][\/et_pb_section][et_pb_section fb_built=&#8221;1&#8243; admin_label=&#8221;Popup &#8211; #VISUALS&#8221; module_id=&#8221;VISUALS&#8221; module_class=&#8221;popup single&#8221; _builder_version=&#8221;4.20.2&#8243; _module_preset=&#8221;default&#8221; width=&#8221;60%&#8221; da_is_popup=&#8221;on&#8221; da_popup_slug=&#8221;VISUALS&#8221; da_is_singular=&#8221;on&#8221; da_disable_devices=&#8221;off|off|off&#8221; global_colors_info=&#8221;{}&#8221; da_exit_intent=&#8221;off&#8221; da_has_close=&#8221;on&#8221; da_alt_close=&#8221;off&#8221; da_dark_close=&#8221;off&#8221; da_not_modal=&#8221;on&#8221; da_with_loader=&#8221;off&#8221; da_has_shadow=&#8221;on&#8221;][et_pb_row _builder_version=&#8221;4.20.2&#8243; _module_preset=&#8221;default&#8221; global_colors_info=&#8221;{}&#8221;][et_pb_column type=&#8221;4_4&#8243; _builder_version=&#8221;4.20.2&#8243; _module_preset=&#8221;default&#8221; global_colors_info=&#8221;{}&#8221;][et_pb_text _builder_version=&#8221;4.20.2&#8243; _module_preset=&#8221;default&#8221; global_colors_info=&#8221;{}&#8221;]<\/p>\n<h2>VISUALS<\/h2>\n<p>Het plan is bedacht, besproken, vaak al in plattegrond en sfeerborden uitgewerkt. Maar toch zijn de visuals z\u00f3 belangrijk om het driedimensionale beeld helder te krijgen! We kunnen de visuals uitwerken van schetsmatig tot zo gedetailleerd als je maar wilt.<\/p>\n<p>[\/et_pb_text][\/et_pb_column][\/et_pb_row][\/et_pb_section][et_pb_section fb_built=&#8221;1&#8243; admin_label=&#8221;Popup &#8211; #BOUWMANAGEMENT&#8221; module_id=&#8221;BOUWMANAGEMENT&#8221; module_class=&#8221;popup single&#8221; _builder_version=&#8221;4.20.2&#8243; _module_preset=&#8221;default&#8221; width=&#8221;60%&#8221; da_is_popup=&#8221;on&#8221; da_popup_slug=&#8221;BOUWMANAGEMENT&#8221; da_is_singular=&#8221;on&#8221; da_disable_devices=&#8221;off|off|off&#8221; global_colors_info=&#8221;{}&#8221; da_exit_intent=&#8221;off&#8221; da_has_close=&#8221;on&#8221; da_alt_close=&#8221;off&#8221; da_dark_close=&#8221;off&#8221; da_not_modal=&#8221;on&#8221; da_with_loader=&#8221;off&#8221; da_has_shadow=&#8221;on&#8221;][et_pb_row _builder_version=&#8221;4.20.2&#8243; _module_preset=&#8221;default&#8221; global_colors_info=&#8221;{}&#8221;][et_pb_column type=&#8221;4_4&#8243; _builder_version=&#8221;4.20.2&#8243; _module_preset=&#8221;default&#8221; global_colors_info=&#8221;{}&#8221;][et_pb_text _builder_version=&#8221;4.21.0&#8243; _module_preset=&#8221;default&#8221; hover_enabled=&#8221;0&#8243; global_colors_info=&#8221;{}&#8221; sticky_enabled=&#8221;0&#8243;]<\/p>\n<h2>BOUWMANAGEMENT<\/h2>\n<p>De grootste valkuil! Ten onrechte wordt hier vaak op bezuinigd, maar doe dit niet. Wij zorgen ervoor dat het hele bouwproces goed en professioneel volgens planning verloopt en je ook financieel niet voor verrassingen komt te staan. Dat begint al in de voorbereiding, naast het ontwerp en de visuals zijn de werk- en detailtekeningen \u00e9n een goed bestek van groot belang. Weinig tot geen meerwerk, fijn voor het budget.<\/p>\n<p>[\/et_pb_text][\/et_pb_column][\/et_pb_row][\/et_pb_section]<\/p>\n","protected":false},"excerpt":{"rendered":"<p>ONTWERP &nbsp; Wat is een goed ontwerp? Voor ons is dat een ruimte z\u00f3 is vormgeven dat j\u00edj er blij van wordt!Visuals &nbsp; W\u00edj hebben dat ontwerp wel in ons hoofd, hoe het gaat worden, maar voor jou kan dat best anders zijn! Daarom zijn visuals zo ontzettend fijn, namelijk de vertaalslag tussen ontwerper en [&hellip;]<\/p>\n","protected":false},"author":4,"featured_media":0,"parent":0,"menu_order":0,"comment_status":"closed","ping_status":"closed","template":"","meta":{"_et_pb_use_builder":"on","_et_pb_old_content":"","_et_gb_content_width":"","footnotes":""},"class_list":["post-293","page","type-page","status-publish","hentry"],"_links":{"self":[{"href":"https:\/\/setdesign.nl\/index.php\/wp-json\/wp\/v2\/pages\/293","targetHints":{"allow":["GET"]}}],"collection":[{"href":"https:\/\/setdesign.nl\/index.php\/wp-json\/wp\/v2\/pages"}],"about":[{"href":"https:\/\/setdesign.nl\/index.php\/wp-json\/wp\/v2\/types\/page"}],"author":[{"embeddable":true,"href":"https:\/\/setdesign.nl\/index.php\/wp-json\/wp\/v2\/users\/4"}],"replies":[{"embeddable":true,"href":"https:\/\/setdesign.nl\/index.php\/wp-json\/wp\/v2\/comments?post=293"}],"version-history":[{"count":22,"href":"https:\/\/setdesign.nl\/index.php\/wp-json\/wp\/v2\/pages\/293\/revisions"}],"predecessor-version":[{"id":1329,"href":"https:\/\/setdesign.nl\/index.php\/wp-json\/wp\/v2\/pages\/293\/revisions\/1329"}],"wp:attachment":[{"href":"https:\/\/setdesign.nl\/index.php\/wp-json\/wp\/v2\/media?parent=293"}],"curies":[{"name":"wp","href":"https:\/\/api.w.org\/{rel}","templated":true}]}}